{"id":232,"date":"2025-04-04T10:36:54","date_gmt":"2025-04-04T10:36:54","guid":{"rendered":"https:\/\/la-z-boy-de.onyx-sites.io\/?page_id=232"},"modified":"2026-04-22T14:27:51","modified_gmt":"2026-04-22T14:27:51","slug":"cookie-richtlinien","status":"publish","type":"page","link":"https:\/\/la-z-boy.de\/?page_id=232","title":{"rendered":"Cookie-Richtlinien"},"content":{"rendered":"\t\t<div data-elementor-type=\"wp-page\" data-elementor-id=\"232\" class=\"elementor elementor-232\" data-elementor-post-type=\"page\">\n\t\t\t\t<div class=\"elementor-element elementor-element-5b3fe69 e-flex e-con-boxed e-con e-parent\" data-id=\"5b3fe69\" data-element_type=\"container\" data-e-type=\"container\">\n\t\t\t\t\t<div class=\"e-con-inner\">\n\t\t\t\t<div class=\"elementor-element elementor-element-8ed10b0 elementor-widget elementor-widget-text-editor\" data-id=\"8ed10b0\" data-element_type=\"widget\" data-e-type=\"widget\" data-widget_type=\"text-editor.default\">\n\t\t\t\t<div class=\"elementor-widget-container\">\n\t\t\t\t\t\t\t\t\t<div class=\"container rich-text-centered\"><div class=\"row\"><div class=\"col-md-12\"><h1><span style=\"color: #585858; font-size: 16px;\">G\u00fcltigkeitsdatum: 19. September 2024<\/span><\/h1><p>Letzte Aktualisierung: 19. September 2024<\/p><h5 class=\"wp-block-heading\">Was sind Cookies?<\/h5><p>Diese Cookie-Richtlinie erkl\u00e4rt, was Cookies sind und wie wir sie verwenden, welche Arten<br \/>von Cookies wir nutzen, d.h. welche Informationen wir mithilfe von Cookies sammeln und wie<br \/>diese Informationen verwendet werden, sowie wie Sie die Cookie-Einstellungen verwalten<br \/>k\u00f6nnen.<br \/>Cookies sind kleine Textdateien, die verwendet werden, um kleine Informationsmengen zu<br \/>speichern. Sie werden auf Ihrem Ger\u00e4t gespeichert, wenn die Website in Ihrem Browser<br \/>geladen wird. Diese Cookies helfen uns, die Website ordnungsgem\u00e4\u00df funktionieren zu<br \/>lassen, sie sicherer zu machen, die Benutzererfahrung zu verbessern und zu verstehen, wie<br \/>die Website performt. Zudem analysieren sie, was funktioniert und wo Verbesserungen n\u00f6tig<br \/>sind.<\/p><h5 class=\"wp-block-heading\">Wie verwenden wir Cookies?<\/h5><p>Wie die meisten Online-Dienste verwendet unsere Website sowohl Erstanbieter- als auch<br \/>Drittanbieter-Cookies f\u00fcr verschiedene Zwecke. Erstanbieter-Cookies sind meist notwendig,<br \/>damit die Website richtig funktioniert, und sie sammeln keine personenbezogenen Daten.<br \/>Die Drittanbieter-Cookies, die auf unserer Website verwendet werden, dienen haupts\u00e4chlich<br \/>dazu, zu verstehen, wie die Website performt, wie Sie mit unserer Website interagieren,<br \/>unsere Dienste zu sichern, relevante Werbung bereitzustellen und Ihnen insgesamt eine<br \/>verbesserte Benutzererfahrung zu bieten. Sie helfen auch, zuk\u00fcnftige Interaktionen mit<br \/>unserer Website zu beschleunigen.<\/p><h5 class=\"wp-block-heading\">Arten von Cookies, die wir verwenden<\/h5><h5 class=\"wp-block-heading\">Cookie-Einstellungen verwalten<\/h5><p>Sie k\u00f6nnen Ihre Cookie-Pr\u00e4ferenzen jederzeit \u00e4ndern, indem Sie auf den obenstehendenButton klicken. Dies erm\u00f6glicht es Ihnen, das Cookie-Zustimmungsbanner erneut aufzurufenund Ihre Pr\u00e4ferenzen zu \u00e4ndern oder Ihre Zustimmung sofort zu widerrufen.Dar\u00fcber hinaus bieten verschiedene Browser unterschiedliche Methoden, um Cookies, dievon Websites verwendet werden, zu blockieren und zu l\u00f6schen. Sie k\u00f6nnen dieEinstellungen Ihres Browsers \u00e4ndern, um Cookies zu blockieren oder zu l\u00f6schen. Untenfinden Sie Links zu den Support-Dokumenten, die erl\u00e4utern, wie Sie Cookies in deng\u00e4ngigsten Webbrowsern verwalten und l\u00f6schen k\u00f6nnen:<\/p><ul class=\"wp-block-list\"><li>Chrome:\u00a0<a href=\"https:\/\/support.google.com\/accounts\/answer\/32050\" target=\"_blank\" rel=\"noreferrer noopener\">Support-Dokument<\/a><\/li><li>Safari:\u00a0<a href=\"https:\/\/support.apple.com\/en-in\/guide\/safari\/sfri11471\/mac\" target=\"_blank\" rel=\"noreferrer noopener\">Support-Dokument<\/a><\/li><li>Firefox:\u00a0<a href=\"https:\/\/support.mozilla.org\/en-US\/kb\/clear-cookies-and-site-data-firefox?redirectslug=delete-cookies-remove-info-websites-stored&amp;redirectlocale=en-US\">Support-Dokument<\/a><\/li><li>Internet Explorer:\u00a0<a href=\"https:\/\/support.microsoft.com\/en-us\/topic\/how-to-delete-cookie-files-in-internet-explorer-bca9446f-d873-78de-77ba-d42645fa52fc\">Support-Dokument<\/a><\/li><\/ul><p>Wenn Sie einen anderen Webbrowser verwenden, besuchen Sie bitte die offiziellen SupportDokumente Ihres Browsers.<\/p><p>Cookie-Richtlinie erstellt von\u00a0<a href=\"https:\/\/www.cookieyes.com\/?utm_source=CP&amp;utm_medium=footer&amp;utm_campaign=UW\">CookieYes \u2013 Cookie-Richtlinien-Generator<\/a>.<\/p><\/div><\/div><\/div>\t\t\t\t\t\t\t\t<\/div>\n\t\t\t\t<\/div>\n\t\t\t\t\t<\/div>\n\t\t\t\t<\/div>\n\t\t\t\t<\/div>\n\t\t","protected":false},"excerpt":{"rendered":"<p>G\u00fcltigkeitsdatum: 19. September 2024 Letzte Aktualisierung: 19. September 2024 Was sind Cookies? Diese Cookie-Richtlinie erkl\u00e4rt, was Cookies sind und wie wir sie verwenden, welche Artenvon Cookies wir nutzen, d.h. welche Informationen wir mithilfe von Cookies sammeln und wiediese Informationen verwendet werden, sowie wie Sie die Cookie-Einstellungen verwaltenk\u00f6nnen.Cookies sind kleine Textdateien, die verwendet werden, um kleine [&hellip;]<\/p>\n","protected":false},"author":1,"featured_media":7901,"parent":0,"menu_order":0,"comment_status":"closed","ping_status":"closed","template":"","meta":{"inline_featured_image":false,"footnotes":""},"class_list":["post-232","page","type-page","status-publish","has-post-thumbnail","hentry"],"_links":{"self":[{"href":"https:\/\/la-z-boy.de\/index.php?rest_route=\/wp\/v2\/pages\/232","targetHints":{"allow":["GET"]}}],"collection":[{"href":"https:\/\/la-z-boy.de\/index.php?rest_route=\/wp\/v2\/pages"}],"about":[{"href":"https:\/\/la-z-boy.de\/index.php?rest_route=\/wp\/v2\/types\/page"}],"author":[{"embeddable":true,"href":"https:\/\/la-z-boy.de\/index.php?rest_route=\/wp\/v2\/users\/1"}],"replies":[{"embeddable":true,"href":"https:\/\/la-z-boy.de\/index.php?rest_route=%2Fwp%2Fv2%2Fcomments&post=232"}],"version-history":[{"count":24,"href":"https:\/\/la-z-boy.de\/index.php?rest_route=\/wp\/v2\/pages\/232\/revisions"}],"predecessor-version":[{"id":22351,"href":"https:\/\/la-z-boy.de\/index.php?rest_route=\/wp\/v2\/pages\/232\/revisions\/22351"}],"wp:featuredmedia":[{"embeddable":true,"href":"https:\/\/la-z-boy.de\/index.php?rest_route=\/wp\/v2\/media\/7901"}],"wp:attachment":[{"href":"https:\/\/la-z-boy.de\/index.php?rest_route=%2Fwp%2Fv2%2Fmedia&parent=232"}],"curies":[{"name":"wp","href":"https:\/\/api.w.org\/{rel}","templated":true}]}}