{"id":239,"date":"2025-04-04T10:58:50","date_gmt":"2025-04-04T10:58:50","guid":{"rendered":"https:\/\/la-z-boy-de.onyx-sites.io\/?page_id=239"},"modified":"2026-04-22T12:38:41","modified_gmt":"2026-04-22T12:38:41","slug":"datenschutzerklaerung","status":"publish","type":"page","link":"https:\/\/la-z-boy.de\/?page_id=239","title":{"rendered":"Datenschutzerklaerung"},"content":{"rendered":"\t\t<div data-elementor-type=\"wp-page\" data-elementor-id=\"239\" class=\"elementor elementor-239\" data-elementor-post-type=\"page\">\n\t\t\t\t<div class=\"elementor-element elementor-element-5b3fe69 e-flex e-con-boxed e-con e-parent\" data-id=\"5b3fe69\" data-element_type=\"container\" data-e-type=\"container\">\n\t\t\t\t\t<div class=\"e-con-inner\">\n\t\t\t\t<div class=\"elementor-element elementor-element-8ed10b0 elementor-widget elementor-widget-text-editor\" data-id=\"8ed10b0\" data-element_type=\"widget\" data-e-type=\"widget\" data-widget_type=\"text-editor.default\">\n\t\t\t\t<div class=\"elementor-widget-container\">\n\t\t\t\t\t\t\t\t\t<p>Letzte Aktualisierung: 20. September 2024<\/p><p>G\u00fcltigkeitsdatum: 20. September 2024<\/p><p>Diese Datenschutzerkl\u00e4rung beschreibt die Richtlinien von La-Z-Boy Incorporated, One LaZ-Boy Drive, Michigan 48162-5138, Vereinigte Staaten von Amerika (im Folgenden \u201ewir\u201c), EMail: lzbinternational.team@la-z-boy.com, Telefon: +44 1628 513810, zur Erhebung,<\/p><p>Nutzung und Offenlegung Ihrer Informationen, die wir sammeln, wenn Sie unsere Website<\/p><p>(<a href=\"https:\/\/la-z-boy.de\">https:\/\/la-z-boy.de<\/a>) nutzen (der \u201eDienst\u201c). Durch den Zugriff auf oder die Nutzung des<\/p><p>Dienstes stimmen Sie der Erhebung, Nutzung und Offenlegung Ihrer Informationen gem\u00e4\u00df<\/p><p>dieser Datenschutzerkl\u00e4rung zu. Wenn Sie nicht zustimmen, nutzen Sie bitte den Dienst<\/p><p>nicht.<\/p><p>Wir k\u00f6nnen diese Datenschutzerkl\u00e4rung jederzeit ohne vorherige Ank\u00fcndigung \u00e4ndern und<\/p><p>werden die \u00fcberarbeitete Datenschutzerkl\u00e4rung im Dienst ver\u00f6ffentlichen. Die \u00fcberarbeitete<\/p><p>Richtlinie ist 180 Tage nach der Ver\u00f6ffentlichung in Kraft und Ihr fortgesetzter Zugriff auf oder<\/p><p>die Nutzung des Dienstes nach dieser Zeit stellt Ihre Zustimmung zur \u00fcberarbeiteten<\/p><p>Datenschutzerkl\u00e4rung dar. Wir empfehlen Ihnen daher, diese Seite regelm\u00e4\u00dfig zu<\/p><p>\u00fcberpr\u00fcfen.<\/p><h4>Informationen, die wir sammeln:<\/h4><p>Wir erheben und verarbeiten die folgenden personenbezogenen Informationen \u00fcber Sie:<\/p><p>Name<\/p><p>E-Mail<\/p><p>Adresse<\/p><p>Telefonnummer<\/p><h4>Wie wir Ihre Informationen nutzen:<\/h4><p>Die Informationen, die wir \u00fcber Sie sammeln, verwenden wir zu folgenden Zwecken:<\/p><p>Marketing \/ Werbung<\/p><p>Sammlung von Kundenfeedback<\/p><p>Unterst\u00fctzung<\/p><p>Verwaltungsinformationen<\/p><p>Wenn wir Ihre Informationen f\u00fcr einen anderen Zweck verwenden m\u00f6chten, bitten wir um<\/p><p>Ihre Zustimmung und verwenden Ihre Informationen nur nach Erhalt dieser Zustimmung und<\/p><p>ausschlie\u00dflich f\u00fcr die Zwecke, f\u00fcr die Sie zugestimmt haben, es sei denn, wir sind gesetzlich<\/p><p>verpflichtet, anders zu handeln.<\/p><h4>Wie wir Ihre Informationen teilen:<\/h4><p>Wir geben Ihre personenbezogenen Informationen nicht an Dritte weiter, ohne vorher Ihre<\/p><p>Zustimmung einzuholen, es sei denn, in den unten beschriebenen Ausnahmef\u00e4llen:<\/p><p>Marketingagenturen<\/p><p>Analytik<\/p><p>Wir verlangen von diesen Dritten, dass sie die uns \u00fcbermittelten personenbezogenen<\/p><p>Informationen nur f\u00fcr den Zweck verwenden, f\u00fcr den sie \u00fcbertragen wurden, und dass sie<\/p><p>diese nicht l\u00e4nger speichern, als es zur Erf\u00fcllung des genannten Zwecks erforderlich ist.<\/p><p>Wir k\u00f6nnen Ihre personenbezogenen Informationen auch in folgenden F\u00e4llen offenlegen: (1)<\/p><p>zur Einhaltung geltender Gesetze, Vorschriften, Gerichtsbeschl\u00fcsse oder anderer rechtlicher<\/p><p>Verfahren; (2) zur Durchsetzung Ihrer Vereinbarungen mit uns, einschlie\u00dflich dieser<\/p><p>Datenschutzerkl\u00e4rung; oder (3) zur Beantwortung von Anspr\u00fcchen, dass Ihre Nutzung des<\/p><p>Dienstes gegen Rechte Dritter verst\u00f6\u00dft. Sollte der Dienst oder unser Unternehmen mit einem<\/p><p>anderen Unternehmen fusionieren oder \u00fcbernommen werden, werden Ihre Informationen<\/p><p>eines der Verm\u00f6genswerte sein, die an den neuen Eigent\u00fcmer \u00fcbertragen werden.<\/p><h4>Aufbewahrung Ihrer Informationen:<\/h4><p>Wir bewahren Ihre personenbezogenen Informationen f\u00fcr einen Zeitraum von 90 Tagen bis<\/p><p>zu 2 Jahren nach der K\u00fcndigung Ihres Kontos auf oder so lange, wie wir sie ben\u00f6tigen, um<\/p><p>die Zwecke zu erf\u00fcllen, f\u00fcr die sie gem\u00e4\u00df dieser Datenschutzerkl\u00e4rung erhoben wurden. Wir<\/p><p>m\u00fcssen m\u00f6glicherweise bestimmte Informationen l\u00e4nger aufbewahren, beispielsweise zur<\/p><p>Dokumentation oder Berichterstattung gem\u00e4\u00df geltendem Recht oder aus anderen legitimen<\/p><p>Gr\u00fcnden wie der Durchsetzung rechtlicher Anspr\u00fcche oder der Betrugspr\u00e4vention. Anonyme<\/p><p>und aggregierte Informationen, die Sie nicht identifizieren (weder direkt noch indirekt),<\/p><p>k\u00f6nnen unbegrenzt gespeichert werden.<\/p><h4>Ihre Rechte<\/h4><p>Je nach anwendbarem Recht haben Sie m\u00f6glicherweise das Recht auf Zugang zu,<\/p><p>Berichtigung oder L\u00f6schung Ihrer personenbezogenen Daten, das Recht, eine Kopie Ihrer<\/p><p>personenbezogenen Daten zu erhalten, das Recht, die aktive Verarbeitung Ihrer Daten<\/p><p>einzuschr\u00e4nken oder zu widersprechen, das Recht, uns zu bitten, Ihre personenbezogenen<\/p><p>Daten an eine andere Stelle zu \u00fcbertragen, sowie das Recht, jede erteilte Zustimmung zur<\/p><p>Verarbeitung Ihrer Daten zu widerrufen und das Recht, Beschwerde bei einer zust\u00e4ndigen<\/p><p>Beh\u00f6rde einzulegen. Um diese Rechte auszu\u00fcben, k\u00f6nnen Sie uns unter<\/p><p><a href=\"mailto:MAILTO:lzbinternational.team@la-z-boy.com\">lzbinternational.team@la-z-boy.com<\/a> kontaktieren. Wir werden auf Ihre Anfrage gem\u00e4\u00df<\/p><p>geltendem Recht reagieren.<\/p><p>Sie k\u00f6nnen sich von Direktmarketing-Kommunikationen oder der Profilierung, die wir f\u00fcr<\/p><p>Marketingzwecke durchf\u00fchren, abmelden, indem Sie uns unter <a href=\"mailto:MAILTO:lzbinternational.team@la-z-boy.com\">lzbinternational.team@la-zboy.com<\/a> kontaktieren.<\/p><p>Bitte beachten Sie, dass Sie m\u00f6glicherweise nicht auf die Dienste zugreifen oder diese<\/p><p>nutzen k\u00f6nnen, wenn Sie uns nicht die erforderlichen personenbezogenen Informationen zur<\/p><p>Verf\u00fcgung stellen oder die Zustimmung zur Verarbeitung dieser Informationen f\u00fcr die<\/p><p>erforderlichen Zwecke widerrufen.<\/p><h4>Cookies usw.<\/h4><p>Um mehr dar\u00fcber zu erfahren, wie wir Cookies und andere Tracking-Technologien<\/p><p>verwenden und welche M\u00f6glichkeiten Sie dazu haben, konsultieren Sie bitte unsere CookieRichtlinie.<\/p><h4>Sicherheit:<\/h4><p>Die Sicherheit Ihrer Informationen ist uns wichtig, und wir werden angemessene<\/p><p>Sicherheitsma\u00dfnahmen ergreifen, um den Verlust, Missbrauch oder die unbefugte \u00c4nderung<\/p><p>Ihrer Informationen zu verhindern. Angesichts der inh\u00e4renten Risiken k\u00f6nnen wir jedoch<\/p><p>keine absolute Sicherheit garantieren und k\u00f6nnen daher die Sicherheit der Informationen, die<\/p><p>Sie uns \u00fcbermitteln, nicht sicherstellen oder garantieren; dies geschieht auf Ihr eigenes<\/p><p>Risiko.<\/p><h4>Links zu Dritten und Nutzung Ihrer Informationen:<\/h4><p>Unser Dienst kann Links zu anderen Websites enthalten, die nicht von uns betrieben werden.<\/p><p>Diese Datenschutzerkl\u00e4rung bezieht sich nicht auf die Datenschutzrichtlinien und andere<\/p><p>Praktiken Dritter, einschlie\u00dflich Dritten, die eine Website oder einen Dienst betreiben, die<\/p><p>\u00fcber einen Link im Dienst zug\u00e4nglich sein k\u00f6nnen. Wir empfehlen Ihnen, die<\/p><p>Datenschutzrichtlinien jeder von Ihnen besuchten Website zu \u00fcberpr\u00fcfen. Wir haben keine<\/p><p>Kontrolle \u00fcber den Inhalt, die Datenschutzrichtlinien oder die Praktiken von Websites oder<\/p><p>Diensten Dritter und \u00fcbernehmen keine Verantwortung daf\u00fcr.<\/p><h4>Beschwerdestelle \/ Datenschutzbeauftragter:<\/h4><p>Wenn Sie Fragen oder Bedenken zur Verarbeitung Ihrer Informationen haben, die bei uns<\/p><p>gespeichert sind, k\u00f6nnen Sie unseren Datenschutzbeauftragten unter La-Z-Boy<\/p><p>Incorporated, One La-Z-Boy Drive, Monroe, Michigan, 48162-5138, USA, E-Mail:<\/p><p><a href=\"mailto:MAILTO:lzbinternational.team@la-z-boy.com\">lzbinternational.team@la-z-boy.com<\/a> kontaktieren. Wir werden Ihre Anliegen gem\u00e4\u00df<\/p><p>geltendem Recht bearbeiten.<\/p><p>Diese Datenschutzerkl\u00e4rung wurde mit CookieYes erstellt.<\/p>\t\t\t\t\t\t\t\t<\/div>\n\t\t\t\t<\/div>\n\t\t\t\t\t<\/div>\n\t\t\t\t<\/div>\n\t\t\t\t<\/div>\n\t\t","protected":false},"excerpt":{"rendered":"<p>Letzte Aktualisierung: 20. September 2024 G\u00fcltigkeitsdatum: 20. September 2024 Diese Datenschutzerkl\u00e4rung beschreibt die Richtlinien von La-Z-Boy Incorporated, One LaZ-Boy Drive, Michigan 48162-5138, Vereinigte Staaten von Amerika (im Folgenden \u201ewir\u201c), EMail: lzbinternational.team@la-z-boy.com, Telefon: +44 1628 513810, zur Erhebung, Nutzung und Offenlegung Ihrer Informationen, die wir sammeln, wenn Sie unsere Website (https:\/\/la-z-boy.de) nutzen (der \u201eDienst\u201c). Durch den [&hellip;]<\/p>\n","protected":false},"author":1,"featured_media":7617,"parent":0,"menu_order":0,"comment_status":"closed","ping_status":"closed","template":"","meta":{"inline_featured_image":false,"footnotes":""},"class_list":["post-239","page","type-page","status-publish","has-post-thumbnail","hentry"],"_links":{"self":[{"href":"https:\/\/la-z-boy.de\/index.php?rest_route=\/wp\/v2\/pages\/239","targetHints":{"allow":["GET"]}}],"collection":[{"href":"https:\/\/la-z-boy.de\/index.php?rest_route=\/wp\/v2\/pages"}],"about":[{"href":"https:\/\/la-z-boy.de\/index.php?rest_route=\/wp\/v2\/types\/page"}],"author":[{"embeddable":true,"href":"https:\/\/la-z-boy.de\/index.php?rest_route=\/wp\/v2\/users\/1"}],"replies":[{"embeddable":true,"href":"https:\/\/la-z-boy.de\/index.php?rest_route=%2Fwp%2Fv2%2Fcomments&post=239"}],"version-history":[{"count":19,"href":"https:\/\/la-z-boy.de\/index.php?rest_route=\/wp\/v2\/pages\/239\/revisions"}],"predecessor-version":[{"id":22343,"href":"https:\/\/la-z-boy.de\/index.php?rest_route=\/wp\/v2\/pages\/239\/revisions\/22343"}],"wp:featuredmedia":[{"embeddable":true,"href":"https:\/\/la-z-boy.de\/index.php?rest_route=\/wp\/v2\/media\/7617"}],"wp:attachment":[{"href":"https:\/\/la-z-boy.de\/index.php?rest_route=%2Fwp%2Fv2%2Fmedia&parent=239"}],"curies":[{"name":"wp","href":"https:\/\/api.w.org\/{rel}","templated":true}]}}