{"id":3944,"date":"2025-04-24T00:31:46","date_gmt":"2025-04-24T00:31:46","guid":{"rendered":"https:\/\/la-z-boy-de.onyx-sites.io\/?page_id=3944"},"modified":"2026-02-18T23:32:32","modified_gmt":"2026-02-18T23:32:32","slug":"pressebereich","status":"publish","type":"page","link":"https:\/\/la-z-boy.de\/?page_id=3944","title":{"rendered":"Pressebereich"},"content":{"rendered":"\t\t<div data-elementor-type=\"wp-page\" data-elementor-id=\"3944\" class=\"elementor elementor-3944\" data-elementor-post-type=\"page\">\n\t\t\t\t<div class=\"elementor-element elementor-element-9ec0004 e-flex e-con-boxed e-con e-parent\" data-id=\"9ec0004\" data-element_type=\"container\" data-e-type=\"container\" data-settings=\"{&quot;background_background&quot;:&quot;classic&quot;}\">\n\t\t\t\t\t<div class=\"e-con-inner\">\n\t\t<div class=\"elementor-element elementor-element-6a0ef0f e-con-full e-flex e-con e-child\" data-id=\"6a0ef0f\" data-element_type=\"container\" data-e-type=\"container\" data-settings=\"{&quot;background_background&quot;:&quot;classic&quot;}\">\n\t\t\t\t<\/div>\n\t\t\t\t\t<\/div>\n\t\t\t\t<\/div>\n\t\t<div class=\"elementor-element elementor-element-495a1ed e-flex e-con-boxed e-con e-parent\" data-id=\"495a1ed\" data-element_type=\"container\" data-e-type=\"container\">\n\t\t\t\t\t<div class=\"e-con-inner\">\n\t\t\t\t<div class=\"elementor-element elementor-element-c84310f elementor-widget elementor-widget-text-editor\" data-id=\"c84310f\" data-element_type=\"widget\" data-e-type=\"widget\" data-widget_type=\"text-editor.default\">\n\t\t\t\t<div class=\"elementor-widget-container\">\n\t\t\t\t\t\t\t\t\t<h2>Auf der Suche nach Inspiration?<\/h2><p>Lesen Sie unsere Blogs f\u00fcr Ideen zum Entspannen, Tipps f\u00fcr Ihre wohlverdienten Ruhezeiten und um den perfekten Relaxsessel f\u00fcr sich zu finden.<\/p>\t\t\t\t\t\t\t\t<\/div>\n\t\t\t\t<\/div>\n\t\t\t\t\t<\/div>\n\t\t\t\t<\/div>\n\t\t<div class=\"elementor-element elementor-element-435459c e-grid e-con-boxed e-con e-parent\" data-id=\"435459c\" data-element_type=\"container\" data-e-type=\"container\">\n\t\t\t\t\t<div class=\"e-con-inner\">\n\t\t\t\t<div class=\"elementor-element elementor-element-75eef8d elementor-grid-3 elementor-grid-tablet-2 elementor-grid-mobile-1 elementor-posts--thumbnail-top elementor-widget elementor-widget-posts\" data-id=\"75eef8d\" data-element_type=\"widget\" data-e-type=\"widget\" data-settings=\"{&quot;pagination_type&quot;:&quot;numbers_and_prev_next&quot;,&quot;classic_columns&quot;:&quot;3&quot;,&quot;classic_columns_tablet&quot;:&quot;2&quot;,&quot;classic_columns_mobile&quot;:&quot;1&quot;,&quot;classic_row_gap&quot;:{&quot;unit&quot;:&quot;px&quot;,&quot;size&quot;:35,&quot;sizes&quot;:[]},&quot;classic_row_gap_tablet&quot;:{&quot;unit&quot;:&quot;px&quot;,&quot;size&quot;:&quot;&quot;,&quot;sizes&quot;:[]},&quot;classic_row_gap_mobile&quot;:{&quot;unit&quot;:&quot;px&quot;,&quot;size&quot;:&quot;&quot;,&quot;sizes&quot;:[]}}\" data-widget_type=\"posts.classic\">\n\t\t\t\t<div class=\"elementor-widget-container\">\n\t\t\t\t\t\t\t<div class=\"elementor-posts-container elementor-posts elementor-posts--skin-classic elementor-grid\" role=\"list\">\n\t\t\t\t<article class=\"elementor-post elementor-grid-item post-325 post type-post status-publish format-standard has-post-thumbnail hentry category-die-marke-la-z-boy\" role=\"listitem\">\n\t\t\t\t<a class=\"elementor-post__thumbnail__link\" href=\"https:\/\/la-z-boy.de\/?p=325\" tabindex=\"-1\" >\n\t\t\t<div class=\"elementor-post__thumbnail\"><img fetchpriority=\"high\" decoding=\"async\" width=\"300\" height=\"200\" src=\"https:\/\/la-z-boy.de\/wp-content\/uploads\/2025\/04\/la-z-boy-de-Ihr-Ruckzugsort-in-der-Schwangerschaft-300x200.jpg\" class=\"attachment-medium size-medium wp-image-328\" alt=\"\" srcset=\"https:\/\/la-z-boy.de\/wp-content\/uploads\/2025\/04\/la-z-boy-de-Ihr-Ruckzugsort-in-der-Schwangerschaft-300x200.jpg 300w, https:\/\/la-z-boy.de\/wp-content\/uploads\/2025\/04\/la-z-boy-de-Ihr-Ruckzugsort-in-der-Schwangerschaft-1024x683.jpg 1024w, https:\/\/la-z-boy.de\/wp-content\/uploads\/2025\/04\/la-z-boy-de-Ihr-Ruckzugsort-in-der-Schwangerschaft-768x512.jpg 768w, https:\/\/la-z-boy.de\/wp-content\/uploads\/2025\/04\/la-z-boy-de-Ihr-Ruckzugsort-in-der-Schwangerschaft-1536x1024.jpg 1536w, https:\/\/la-z-boy.de\/wp-content\/uploads\/2025\/04\/la-z-boy-de-Ihr-Ruckzugsort-in-der-Schwangerschaft-900x600.jpg 900w, https:\/\/la-z-boy.de\/wp-content\/uploads\/2025\/04\/la-z-boy-de-Ihr-Ruckzugsort-in-der-Schwangerschaft.jpg 1920w\" sizes=\"(max-width: 300px) 100vw, 300px\" \/><\/div>\n\t\t<\/a>\n\t\t\t\t<div class=\"elementor-post__text\">\n\t\t\t\t<h3 class=\"elementor-post__title\">\n\t\t\t<a href=\"https:\/\/la-z-boy.de\/?p=325\" >\n\t\t\t\tGeborgenheit pur: La-Z-Boy \u2013 Ihr R\u00fcckzugsort in der Schwangerschaft\u00a0\t\t\t<\/a>\n\t\t<\/h3>\n\t\t\t\t<div class=\"elementor-post__excerpt\">\n\t\t\t<p>Die Schwangerschaft ist eine einzigartige Zeit, voller Ver\u00e4nderungen und neuer Erfahrungen. In diesen besonderen Monaten ist es wichtiger denn je, sich selbst etwas Gutes zu<\/p>\n\t\t<\/div>\n\t\t\t\t<\/div>\n\t\t\t\t<\/article>\n\t\t\t\t<article class=\"elementor-post elementor-grid-item post-22322 post type-post status-publish format-standard has-post-thumbnail hentry category-die-marke-la-z-boy\" role=\"listitem\">\n\t\t\t\t<a class=\"elementor-post__thumbnail__link\" href=\"https:\/\/la-z-boy.de\/?p=22322\" tabindex=\"-1\" >\n\t\t\t<div class=\"elementor-post__thumbnail\"><img decoding=\"async\" width=\"300\" height=\"200\" src=\"https:\/\/la-z-boy.de\/wp-content\/uploads\/2025\/03\/la-z-boy-de-fruhlingsakzente-300x200.jpg\" class=\"attachment-medium size-medium wp-image-22239\" alt=\"\" srcset=\"https:\/\/la-z-boy.de\/wp-content\/uploads\/2025\/03\/la-z-boy-de-fruhlingsakzente-300x200.jpg 300w, https:\/\/la-z-boy.de\/wp-content\/uploads\/2025\/03\/la-z-boy-de-fruhlingsakzente-1024x683.jpg 1024w, https:\/\/la-z-boy.de\/wp-content\/uploads\/2025\/03\/la-z-boy-de-fruhlingsakzente-768x512.jpg 768w, https:\/\/la-z-boy.de\/wp-content\/uploads\/2025\/03\/la-z-boy-de-fruhlingsakzente-1536x1024.jpg 1536w, https:\/\/la-z-boy.de\/wp-content\/uploads\/2025\/03\/la-z-boy-de-fruhlingsakzente.jpg 1920w\" sizes=\"(max-width: 300px) 100vw, 300px\" \/><\/div>\n\t\t<\/a>\n\t\t\t\t<div class=\"elementor-post__text\">\n\t\t\t\t<h3 class=\"elementor-post__title\">\n\t\t\t<a href=\"https:\/\/la-z-boy.de\/?p=22322\" >\n\t\t\t\tFrische Fr\u00fchlingsakzente f\u00fcr Ihr Wohnzimmer: So erstrahlt Ihr Zuhause in neuem Glanz\t\t\t<\/a>\n\t\t<\/h3>\n\t\t\t\t<div class=\"elementor-post__excerpt\">\n\t\t\t<p>Der Fr\u00fchling ist da! Die Tage werden l\u00e4nger, die Sonne strahlt heller und die Natur erwacht zu neuem Leben. Das ist die perfekte Zeit, um<\/p>\n\t\t<\/div>\n\t\t\t\t<\/div>\n\t\t\t\t<\/article>\n\t\t\t\t<article class=\"elementor-post elementor-grid-item post-22321 post type-post status-publish format-standard has-post-thumbnail hentry category-die-marke-la-z-boy\" role=\"listitem\">\n\t\t\t\t<a class=\"elementor-post__thumbnail__link\" href=\"https:\/\/la-z-boy.de\/?p=22321\" tabindex=\"-1\" >\n\t\t\t<div class=\"elementor-post__thumbnail\"><img decoding=\"async\" width=\"300\" height=\"200\" src=\"https:\/\/la-z-boy.de\/wp-content\/uploads\/2025\/02\/la-z-boy-de-valentine-300x200.jpg\" class=\"attachment-medium size-medium wp-image-22237\" alt=\"\" srcset=\"https:\/\/la-z-boy.de\/wp-content\/uploads\/2025\/02\/la-z-boy-de-valentine-300x200.jpg 300w, https:\/\/la-z-boy.de\/wp-content\/uploads\/2025\/02\/la-z-boy-de-valentine-1024x683.jpg 1024w, https:\/\/la-z-boy.de\/wp-content\/uploads\/2025\/02\/la-z-boy-de-valentine-768x512.jpg 768w, https:\/\/la-z-boy.de\/wp-content\/uploads\/2025\/02\/la-z-boy-de-valentine-1536x1024.jpg 1536w, https:\/\/la-z-boy.de\/wp-content\/uploads\/2025\/02\/la-z-boy-de-valentine.jpg 1920w\" sizes=\"(max-width: 300px) 100vw, 300px\" \/><\/div>\n\t\t<\/a>\n\t\t\t\t<div class=\"elementor-post__text\">\n\t\t\t\t<h3 class=\"elementor-post__title\">\n\t\t\t<a href=\"https:\/\/la-z-boy.de\/?p=22321\" >\n\t\t\t\tRomantik trifft Komfort: So wird der Valentinstag unvergesslich\u00a0\t\t\t<\/a>\n\t\t<\/h3>\n\t\t\t\t<div class=\"elementor-post__excerpt\">\n\t\t\t<p>Noch keine Idee, wie Sie den Valentinstag verbringen m\u00f6chten? Neben Blumen und Candle-Light-Dinnern gibt es etwas, das den Tag wirklich besonders macht: Unvergleichlicher Komfort, der<\/p>\n\t\t<\/div>\n\t\t\t\t<\/div>\n\t\t\t\t<\/article>\n\t\t\t\t<article class=\"elementor-post elementor-grid-item post-296 post type-post status-publish format-standard has-post-thumbnail hentry category-die-marke-la-z-boy\" role=\"listitem\">\n\t\t\t\t<a class=\"elementor-post__thumbnail__link\" href=\"https:\/\/la-z-boy.de\/?p=296\" tabindex=\"-1\" >\n\t\t\t<div class=\"elementor-post__thumbnail\"><img loading=\"lazy\" decoding=\"async\" width=\"300\" height=\"200\" src=\"https:\/\/la-z-boy.de\/wp-content\/uploads\/2025\/01\/la-z-boy-de-new-year-300x200.jpg\" class=\"attachment-medium size-medium wp-image-22235\" alt=\"\" srcset=\"https:\/\/la-z-boy.de\/wp-content\/uploads\/2025\/01\/la-z-boy-de-new-year-300x200.jpg 300w, https:\/\/la-z-boy.de\/wp-content\/uploads\/2025\/01\/la-z-boy-de-new-year-1024x683.jpg 1024w, https:\/\/la-z-boy.de\/wp-content\/uploads\/2025\/01\/la-z-boy-de-new-year-768x512.jpg 768w, https:\/\/la-z-boy.de\/wp-content\/uploads\/2025\/01\/la-z-boy-de-new-year-1536x1024.jpg 1536w, https:\/\/la-z-boy.de\/wp-content\/uploads\/2025\/01\/la-z-boy-de-new-year.jpg 1920w\" sizes=\"(max-width: 300px) 100vw, 300px\" \/><\/div>\n\t\t<\/a>\n\t\t\t\t<div class=\"elementor-post__text\">\n\t\t\t\t<h3 class=\"elementor-post__title\">\n\t\t\t<a href=\"https:\/\/la-z-boy.de\/?p=296\" >\n\t\t\t\tNeue Ziele, neuer Komfort: Mit La\u2011Z\u2011Boy Relaxsesseln  ins Jahr 2025\t\t\t<\/a>\n\t\t<\/h3>\n\t\t\t\t<div class=\"elementor-post__excerpt\">\n\t\t\t<p>Das neue Jahr 2025 hat begonnen, und mit ihm kommen die besten Chancen, neue Ziele zu setzen.<\/p>\n\t\t<\/div>\n\t\t\t\t<\/div>\n\t\t\t\t<\/article>\n\t\t\t\t<article class=\"elementor-post elementor-grid-item post-286 post type-post status-publish format-standard has-post-thumbnail hentry category-die-marke-la-z-boy\" role=\"listitem\">\n\t\t\t\t<a class=\"elementor-post__thumbnail__link\" href=\"https:\/\/la-z-boy.de\/?p=286\" tabindex=\"-1\" >\n\t\t\t<div class=\"elementor-post__thumbnail\"><img loading=\"lazy\" decoding=\"async\" width=\"300\" height=\"200\" src=\"https:\/\/la-z-boy.de\/wp-content\/uploads\/2024\/12\/la-z-boy-de-christmas-300x200.jpg\" class=\"attachment-medium size-medium wp-image-287\" alt=\"\" srcset=\"https:\/\/la-z-boy.de\/wp-content\/uploads\/2024\/12\/la-z-boy-de-christmas-300x200.jpg 300w, https:\/\/la-z-boy.de\/wp-content\/uploads\/2024\/12\/la-z-boy-de-christmas-1024x683.jpg 1024w, https:\/\/la-z-boy.de\/wp-content\/uploads\/2024\/12\/la-z-boy-de-christmas-768x512.jpg 768w, https:\/\/la-z-boy.de\/wp-content\/uploads\/2024\/12\/la-z-boy-de-christmas-1536x1024.jpg 1536w, https:\/\/la-z-boy.de\/wp-content\/uploads\/2024\/12\/la-z-boy-de-christmas.jpg 1920w\" sizes=\"(max-width: 300px) 100vw, 300px\" \/><\/div>\n\t\t<\/a>\n\t\t\t\t<div class=\"elementor-post__text\">\n\t\t\t\t<h3 class=\"elementor-post__title\">\n\t\t\t<a href=\"https:\/\/la-z-boy.de\/?p=286\" >\n\t\t\t\tWeihnachtliche Gem\u00fctlichkeit mit La\u2011Z\u2011Boy Relaxsesseln\t\t\t<\/a>\n\t\t<\/h3>\n\t\t\t\t<div class=\"elementor-post__excerpt\">\n\t\t\t<p>Die Adventszeit ist da und mit ihr die Sehnsucht nach gem\u00fctlichen Stunden zu Hause. Ein Ort, an dem wir uns zur\u00fccklehnen, entspannen und die Hektik des Alltags vergessen k\u00f6nnen. Ein solcher Ort ist unser Wohnzimmer, und mit einem La-Z-Boy Relaxsessel wird es zur wahren Wohlf\u00fchloase.<\/p>\n\t\t<\/div>\n\t\t\t\t<\/div>\n\t\t\t\t<\/article>\n\t\t\t\t<article class=\"elementor-post elementor-grid-item post-22320 post type-post status-publish format-standard has-post-thumbnail hentry category-die-marke-la-z-boy\" role=\"listitem\">\n\t\t\t\t<a class=\"elementor-post__thumbnail__link\" href=\"https:\/\/la-z-boy.de\/?p=22320\" tabindex=\"-1\" >\n\t\t\t<div class=\"elementor-post__thumbnail\"><img loading=\"lazy\" decoding=\"async\" width=\"300\" height=\"200\" src=\"https:\/\/la-z-boy.de\/wp-content\/uploads\/2024\/11\/la-z-boy-de-anna-1-300x200.jpg\" class=\"attachment-medium size-medium wp-image-22233\" alt=\"\" srcset=\"https:\/\/la-z-boy.de\/wp-content\/uploads\/2024\/11\/la-z-boy-de-anna-1-300x200.jpg 300w, https:\/\/la-z-boy.de\/wp-content\/uploads\/2024\/11\/la-z-boy-de-anna-1-1024x683.jpg 1024w, https:\/\/la-z-boy.de\/wp-content\/uploads\/2024\/11\/la-z-boy-de-anna-1-768x512.jpg 768w, https:\/\/la-z-boy.de\/wp-content\/uploads\/2024\/11\/la-z-boy-de-anna-1-1536x1024.jpg 1536w, https:\/\/la-z-boy.de\/wp-content\/uploads\/2024\/11\/la-z-boy-de-anna-1.jpg 1920w\" sizes=\"(max-width: 300px) 100vw, 300px\" \/><\/div>\n\t\t<\/a>\n\t\t\t\t<div class=\"elementor-post__text\">\n\t\t\t\t<h3 class=\"elementor-post__title\">\n\t\t\t<a href=\"https:\/\/la-z-boy.de\/?p=22320\" >\n\t\t\t\tMit La\u2011Z\u2011Boy Relaxsesselndurch die dunkle Jahreszeit: So bleiben Siefit und entspannt\t\t\t<\/a>\n\t\t<\/h3>\n\t\t\t\t<div class=\"elementor-post__excerpt\">\n\t\t\t<p>Die kalte Jahreszeit bringt oft Herausforderungen mit sich \u2013 die Tage werden k\u00fcrzer, die Temperaturen fallen, und die Versuchung, sich in eine Decke zu h\u00fcllen<\/p>\n\t\t<\/div>\n\t\t\t\t<\/div>\n\t\t\t\t<\/article>\n\t\t\t\t<article class=\"elementor-post elementor-grid-item post-22319 post type-post status-publish format-standard has-post-thumbnail hentry category-die-marke-la-z-boy\" role=\"listitem\">\n\t\t\t\t<a class=\"elementor-post__thumbnail__link\" href=\"https:\/\/la-z-boy.de\/?p=22319\" tabindex=\"-1\" >\n\t\t\t<div class=\"elementor-post__thumbnail\"><img loading=\"lazy\" decoding=\"async\" width=\"300\" height=\"200\" src=\"https:\/\/la-z-boy.de\/wp-content\/uploads\/2024\/10\/la-z-boy-de-AutumnMagic_Herbstzauber-300x200.jpg\" class=\"attachment-medium size-medium wp-image-241\" alt=\"\" srcset=\"https:\/\/la-z-boy.de\/wp-content\/uploads\/2024\/10\/la-z-boy-de-AutumnMagic_Herbstzauber-300x200.jpg 300w, https:\/\/la-z-boy.de\/wp-content\/uploads\/2024\/10\/la-z-boy-de-AutumnMagic_Herbstzauber-1024x683.jpg 1024w, https:\/\/la-z-boy.de\/wp-content\/uploads\/2024\/10\/la-z-boy-de-AutumnMagic_Herbstzauber-768x512.jpg 768w, https:\/\/la-z-boy.de\/wp-content\/uploads\/2024\/10\/la-z-boy-de-AutumnMagic_Herbstzauber-1536x1024.jpg 1536w, https:\/\/la-z-boy.de\/wp-content\/uploads\/2024\/10\/la-z-boy-de-AutumnMagic_Herbstzauber.jpg 1920w\" sizes=\"(max-width: 300px) 100vw, 300px\" \/><\/div>\n\t\t<\/a>\n\t\t\t\t<div class=\"elementor-post__text\">\n\t\t\t\t<h3 class=\"elementor-post__title\">\n\t\t\t<a href=\"https:\/\/la-z-boy.de\/?p=22319\" >\n\t\t\t\tHerbstzauber: So verwandeln Sie Ihr Zuhause in eine Wohlf\u00fchloase mit La\u2011Z\u2011Boy\t\t\t<\/a>\n\t\t<\/h3>\n\t\t\t\t<div class=\"elementor-post__excerpt\">\n\t\t\t<p>Der Herbst ist die perfekte Zeit, um Ihr Zuhause in eine Wohlf\u00fchloase zu verwandeln. Mit den richtigen M\u00f6beln und Dekorationen schaffen Sie eine gem\u00fctliche Atmosph\u00e4re, die zum Entspannen einl\u00e4dt. La-Z-Boy Relaxsessel sind dabei die ideale Wahl \u2013 komfortabel, stilvoll und vielseitig. Hier sind einige Stiltrends f\u00fcr den Herbst, die Sie inspirieren werden.<\/p>\n\t\t<\/div>\n\t\t\t\t<\/div>\n\t\t\t\t<\/article>\n\t\t\t\t<article class=\"elementor-post elementor-grid-item post-100 post type-post status-publish format-standard has-post-thumbnail hentry category-die-marke-la-z-boy\" role=\"listitem\">\n\t\t\t\t<a class=\"elementor-post__thumbnail__link\" href=\"https:\/\/la-z-boy.de\/?p=100\" tabindex=\"-1\" >\n\t\t\t<div class=\"elementor-post__thumbnail\"><img loading=\"lazy\" decoding=\"async\" width=\"300\" height=\"200\" src=\"https:\/\/la-z-boy.de\/wp-content\/uploads\/2024\/09\/RPA_LLTL_Collins_2023_54-scaled-1-300x200.jpg\" class=\"attachment-medium size-medium wp-image-114\" alt=\"\" srcset=\"https:\/\/la-z-boy.de\/wp-content\/uploads\/2024\/09\/RPA_LLTL_Collins_2023_54-scaled-1-300x200.jpg 300w, https:\/\/la-z-boy.de\/wp-content\/uploads\/2024\/09\/RPA_LLTL_Collins_2023_54-scaled-1-1024x683.jpg 1024w, https:\/\/la-z-boy.de\/wp-content\/uploads\/2024\/09\/RPA_LLTL_Collins_2023_54-scaled-1-768x512.jpg 768w, https:\/\/la-z-boy.de\/wp-content\/uploads\/2024\/09\/RPA_LLTL_Collins_2023_54-scaled-1-1536x1025.jpg 1536w, https:\/\/la-z-boy.de\/wp-content\/uploads\/2024\/09\/RPA_LLTL_Collins_2023_54-scaled-1.jpg 1920w\" sizes=\"(max-width: 300px) 100vw, 300px\" \/><\/div>\n\t\t<\/a>\n\t\t\t\t<div class=\"elementor-post__text\">\n\t\t\t\t<h3 class=\"elementor-post__title\">\n\t\t\t<a href=\"https:\/\/la-z-boy.de\/?p=100\" >\n\t\t\t\tLa\u2011Z\u2011Boy: Komfort, der \u00fcberzeugt\t\t\t<\/a>\n\t\t<\/h3>\n\t\t\t\t<div class=\"elementor-post__excerpt\">\n\t\t\t<p>Unsere Relaxsessel und Sofas bieten anspruchsvollen Kunden und Menschen mit<br \/>\nbesonderen Bed\u00fcrfnissen ultimativen Komfort und unterst\u00fctzende Funktionen. Entdecken Sie die einzigartige Kombination aus ergonomischem Design, einer Vielzahl von Anpassungsm\u00f6glichkeiten und erstklassiger Qualit\u00e4t, die Ihnen ein unvergleichliches Sitzgef\u00fchl und Wohlbefinden bietet.<\/p>\n\t\t<\/div>\n\t\t\t\t<\/div>\n\t\t\t\t<\/article>\n\t\t\t\t<article class=\"elementor-post elementor-grid-item post-22318 post type-post status-publish format-standard has-post-thumbnail hentry category-nationaler-tag-des-faulenzens\" role=\"listitem\">\n\t\t\t\t<a class=\"elementor-post__thumbnail__link\" href=\"https:\/\/la-z-boy.de\/?p=22318\" tabindex=\"-1\" >\n\t\t\t<div class=\"elementor-post__thumbnail\"><img loading=\"lazy\" decoding=\"async\" width=\"300\" height=\"188\" src=\"https:\/\/la-z-boy.de\/wp-content\/uploads\/2024\/08\/RPA_LLTL_Finley_2024_0005-300x188.png\" class=\"attachment-medium size-medium wp-image-121\" alt=\"\" srcset=\"https:\/\/la-z-boy.de\/wp-content\/uploads\/2024\/08\/RPA_LLTL_Finley_2024_0005-300x188.png 300w, https:\/\/la-z-boy.de\/wp-content\/uploads\/2024\/08\/RPA_LLTL_Finley_2024_0005.png 438w\" sizes=\"(max-width: 300px) 100vw, 300px\" \/><\/div>\n\t\t<\/a>\n\t\t\t\t<div class=\"elementor-post__text\">\n\t\t\t\t<h3 class=\"elementor-post__title\">\n\t\t\t<a href=\"https:\/\/la-z-boy.de\/?p=22318\" >\n\t\t\t\tEntdecken Sie die Kunst der Entspannung mit La\u2011Z\u2011Boy\t\t\t<\/a>\n\t\t<\/h3>\n\t\t\t\t<div class=\"elementor-post__excerpt\">\n\t\t\t<p>Wer tr\u00e4umt nicht davon, einmal dem Alltag zu entfliehen und sich an einem einsamen Ort der Ruhe hinzugeben? Stellen Sie sich vor: Eine kleine, unbewohnte Insel, umsp\u00fclt von t\u00fcrkisfarbenem Wasser. Das Rauschen der Wellen, das sanfte Bl\u00e4tterrascheln der Palmen \u2013 eine wahre Oase der Stille und Entspannung. Genau dieses Gef\u00fchl von vollkommener Ruhe k\u00f6nnen Sie auch in Ihrem Zuhause erleben. Mit einem bequemen La-Z-Boy Sessel holen Sie sich Ihr pers\u00f6nliches Paradies direkt nach Hause.<\/p>\n\t\t<\/div>\n\t\t\t\t<\/div>\n\t\t\t\t<\/article>\n\t\t\t\t<\/div>\n\t\t\n\t\t\t\t\t\t<\/div>\n\t\t\t\t<\/div>\n\t\t\t\t\t<\/div>\n\t\t\t\t<\/div>\n\t\t\t\t<\/div>\n\t\t","protected":false},"excerpt":{"rendered":"<p>Auf der Suche nach Inspiration? Lesen Sie unsere Blogs f\u00fcr Ideen zum Entspannen, Tipps f\u00fcr Ihre wohlverdienten Ruhezeiten und um den perfekten Relaxsessel f\u00fcr sich zu finden.<\/p>\n","protected":false},"author":1,"featured_media":114,"parent":0,"menu_order":0,"comment_status":"closed","ping_status":"closed","template":"","meta":{"inline_featured_image":false,"footnotes":""},"class_list":["post-3944","page","type-page","status-publish","has-post-thumbnail","hentry"],"_links":{"self":[{"href":"https:\/\/la-z-boy.de\/index.php?rest_route=\/wp\/v2\/pages\/3944","targetHints":{"allow":["GET"]}}],"collection":[{"href":"https:\/\/la-z-boy.de\/index.php?rest_route=\/wp\/v2\/pages"}],"about":[{"href":"https:\/\/la-z-boy.de\/index.php?rest_route=\/wp\/v2\/types\/page"}],"author":[{"embeddable":true,"href":"https:\/\/la-z-boy.de\/index.php?rest_route=\/wp\/v2\/users\/1"}],"replies":[{"embeddable":true,"href":"https:\/\/la-z-boy.de\/index.php?rest_route=%2Fwp%2Fv2%2Fcomments&post=3944"}],"version-history":[{"count":26,"href":"https:\/\/la-z-boy.de\/index.php?rest_route=\/wp\/v2\/pages\/3944\/revisions"}],"predecessor-version":[{"id":22260,"href":"https:\/\/la-z-boy.de\/index.php?rest_route=\/wp\/v2\/pages\/3944\/revisions\/22260"}],"wp:featuredmedia":[{"embeddable":true,"href":"https:\/\/la-z-boy.de\/index.php?rest_route=\/wp\/v2\/media\/114"}],"wp:attachment":[{"href":"https:\/\/la-z-boy.de\/index.php?rest_route=%2Fwp%2Fv2%2Fmedia&parent=3944"}],"curies":[{"name":"wp","href":"https:\/\/api.w.org\/{rel}","templated":true}]}}